{"id":11,"date":"2015-10-26T22:43:12","date_gmt":"2015-10-26T21:43:12","guid":{"rendered":"http:\/\/www4.fiskeback.com\/konfa\/?page_id=11"},"modified":"2024-09-10T15:41:35","modified_gmt":"2024-09-10T13:41:35","slug":"vad-ar-konfirmation","status":"publish","type":"page","link":"https:\/\/www4.fiskeback.com\/konfa\/vad-ar-konfirmation\/","title":{"rendered":"Vad \u00e4r konfirmation?"},"content":{"rendered":"<p><b>Konfirmationsl\u00e4sningen hos oss i Equmeniakyrkan Fiskeb\u00e4ck \u00e4r en grundkurs i kristen tro f\u00f6r dig som g\u00e5r i \u00e5k.8. Konfirmationen best\u00e5r av tr\u00e4ffar under kv\u00e4llstid en g\u00e5ng i veckan, ett l\u00e4ngre och ett kortare l\u00e4ger och minst 9 gudstj\u00e4nstbes\u00f6k under \u00e5ret. Vi tycker att n\u00e4rvaron vid dessa tillf\u00e4llen \u00e4r viktigare \u00e4n den m\u00e4tbara kunskapen hos konfirmanden. <\/b><\/p>\n<p><span class=\"DataFONT\"><b>Vad l\u00e4ser vi?<\/b><br \/>\nKonfirmationen \u00e4r ett erbjudande till alla som \u00e4r nyfikna p\u00e5 vad den kristna tron \u00e4r och st\u00e5r f\u00f6r. Det \u00e4r ocks\u00e5 en m\u00f6jlighet att fundera kring sina v\u00e4rderingar och vem man \u00e4r och vill vara. Under konfirmandtiden f\u00e5r du genom undervisning, samtal, gudstj\u00e4nster och andra aktiviteter m\u00f6jlighet att fundera \u00f6ver vem du sj\u00e4lv \u00e4r och vad du tror. Konfirmationstillf\u00e4llena kommer bland annat handla om den kristna tron, t ex om vem Jesus \u00e4r och vad det st\u00e5r i Bibeln, men det handlar ocks\u00e5 om grundl\u00e4ggande m\u00e4nskliga fr\u00e5gor, om samlevnad och olika etiska problem som alla m\u00e4nniskor st\u00e4lls inf\u00f6r, d\u00e4rf\u00f6r att ingen lever sitt liv ensam.<br \/>\nVi tycker ocks\u00e5 det \u00e4r viktigt att ha kul tillsammans. Vi f\u00f6rs\u00f6ker blanda l\u00e4sningen med b\u00e5de roliga och seri\u00f6sa inslag, allt f\u00f6r att det ska vara sp\u00e4nnande att l\u00e4sa.<br \/>\nEtt annat viktigt ledord f\u00f6r oss \u00e4r gemenskap. Vi l\u00e4ser tillsammans, vi har kul tillsammans och vi l\u00f6ser uppgifter tillsammans. Dessutom avslutar vi varje konfirmationstillf\u00e4lle med att fika tillsammans. Konfirmanderna hj\u00e4lps \u00e5t &#8211; efter l\u00f6pande schema &#8211; att ta med sig fika. Vi vill att alla konfirmander blir sedda, d\u00e4rf\u00f6r blandar vi undervisningen med olika gemenskapstr\u00e4ffar; typ att vi fikar hemma hos ledarna.<\/span><\/p>\n<p><b>Krav att d\u00f6pas eller ta emot nattvarden?<\/b><br \/>\nAtt konfirmera sig hos oss i Equmeniakyrkan Fiskeb\u00e4ck inneb\u00e4r inte att man bek\u00e4nner sig till den kristna tron eller g\u00e5r med i f\u00f6rsamlingen. Du beh\u00f6ver inte vara d\u00f6pt f\u00f6r att l\u00e4sa och vi har heller inget krav p\u00e5 att du m\u00e5ste l\u00e5ta d\u00f6pa dig innan konfirmationsh\u00f6gtiden. Men vi erbjuder den som vill att d\u00f6pas. Vi erbjuder ocks\u00e5 konfirmanden att ta emot nattvarden vid v\u00e5ra gudstj\u00e4nster och p\u00e5 v\u00e5rens l\u00e4ger men det \u00e4r absolut inte obligatoriskt.<\/p>\n<p><b>F\u00f6r\u00e4ldratr\u00e4ffar<\/b><br \/>\nAlla f\u00f6r\u00e4ldrar bjuds in till en tr\u00e4ff vid terminsstart d\u00e4r vi tar upp fr\u00e5gor kring ungdomarnas l\u00e4sning mm.<\/p>\n\n\n<div id=\"page-post\" class=\"shell clearfix\">\n<article class=\"full page-content post-2 page type-page status-publish hentry\">\n<h2>KONTAKT:<\/h2>\n<p><a href=\"https:\/\/www4.fiskeback.com\/people\/maria-davidsson\/\">Maria Davidsson<\/a>, Ungdomspastor, 0734-290498<\/p>\n<\/article>\n<\/div>\n","protected":false},"excerpt":{"rendered":"<p>Konfirmationsl\u00e4sningen hos oss i Equmeniakyrkan Fiskeb\u00e4ck \u00e4r en grundkurs i kristen tro f\u00f6r dig som g\u00e5r i \u00e5k.8. Konfirmationen best\u00e5r av tr\u00e4ffar under kv\u00e4llstid en g\u00e5ng i veckan, ett l\u00e4ngre och ett kortare l\u00e4ger och minst 9 gudstj\u00e4nstbes\u00f6k under \u00e5ret. Vi tycker att n\u00e4rvaron vid dessa tillf\u00e4llen \u00e4r viktigare \u00e4n den m\u00e4tbara kunskapen hos konfirmanden. [&hellip;]<\/p>\n","protected":false},"author":3,"featured_media":0,"parent":0,"menu_order":0,"comment_status":"closed","ping_status":"closed","template":"","meta":{"footnotes":""},"class_list":["post-11","page","type-page","status-publish","hentry"],"_links":{"self":[{"href":"https:\/\/www4.fiskeback.com\/konfa\/wp-json\/wp\/v2\/pages\/11"}],"collection":[{"href":"https:\/\/www4.fiskeback.com\/konfa\/wp-json\/wp\/v2\/pages"}],"about":[{"href":"https:\/\/www4.fiskeback.com\/konfa\/wp-json\/wp\/v2\/types\/page"}],"author":[{"embeddable":true,"href":"https:\/\/www4.fiskeback.com\/konfa\/wp-json\/wp\/v2\/users\/3"}],"replies":[{"embeddable":true,"href":"https:\/\/www4.fiskeback.com\/konfa\/wp-json\/wp\/v2\/comments?post=11"}],"version-history":[{"count":23,"href":"https:\/\/www4.fiskeback.com\/konfa\/wp-json\/wp\/v2\/pages\/11\/revisions"}],"predecessor-version":[{"id":469,"href":"https:\/\/www4.fiskeback.com\/konfa\/wp-json\/wp\/v2\/pages\/11\/revisions\/469"}],"wp:attachment":[{"href":"https:\/\/www4.fiskeback.com\/konfa\/wp-json\/wp\/v2\/media?parent=11"}],"curies":[{"name":"wp","href":"https:\/\/api.w.org\/{rel}","templated":true}]}}