{"id":13,"date":"2015-10-26T22:46:15","date_gmt":"2015-10-26T21:46:15","guid":{"rendered":"http:\/\/www4.fiskeback.com\/konfa\/?page_id=13"},"modified":"2024-04-09T14:42:16","modified_gmt":"2024-04-09T12:42:16","slug":"undervisning","status":"publish","type":"page","link":"https:\/\/www4.fiskeback.com\/konfa\/undervisning\/","title":{"rendered":"Undervisning"},"content":{"rendered":"<p><strong>Vi tr\u00e4ffas onsdagar 18.30-20.30 och kv\u00e4llen \u00e4r oftast indelade i tre delar: Vi tr\u00e4ffas f\u00f6rst i sm\u00e5grupper f\u00f6r att summera veckan som g\u00e5tt. D\u00e4refter startas dagens undervisning som alterneras mellan den lilla gruppen f\u00f6r samtal och kreativa uppgifter samt den st\u00f6rre grupper f\u00f6r fortsatt reflektion och bearbetning. Sedan samlas alla igen f\u00f6r fika och vi avslutar med en kortare andakt (minigudstj\u00e4nst).\u00a0<\/strong><\/p>\n<div id=\"page-post\" class=\"shell clearfix\">\n<article class=\"full page-content post-2 page type-page status-publish hentry\">\n<h4><\/h4>\n<h4>S\u00e5 h\u00e4r kan en vanlig konfalektion se ut:<\/h4>\n<p>18:30 \u2013 Samtal i den lilla gruppen<\/p>\n<p>18:40 \u2013 Undervisning i storgrupp av ungdomspastor\/omsorgspastor\/ungdomsledare\/g\u00e4st<\/p>\n<p>18:55 \u2013 Samtal\/uppgifter i den lilla gruppen<\/p>\n<p>18:15 \u2013 Fortsatt undervisning<\/p>\n<p>19:30 \u2013 Samtal\/uppgifter i den lilla gruppen<\/p>\n<p>19.45 \u2013 Andakt<\/p>\n<p>20.00 \u2013 Fika<\/p>\n<p>20:30 \u2013 Slut<\/p>\n<\/article>\n<\/div>\n<p><strong>Sm\u00e5grupper<\/strong><br \/>\nAlla konfirmander delas in i mindre grupper om sex-\u00e5tta deltagare och tv\u00e5 ledare och man samtalar om undervisningen, ifr\u00e5gas\u00e4tter och gr\u00e4ver vidare.<\/p>\n<p><strong>Material<\/strong><br \/>\nI Equmeniakyrkan Fiskeb\u00e4ck vill vi erbjuda undervisning som utg\u00e5r fr\u00e5n Bibeln och som samtidigt \u00e4r relevant idag. Alla konfirmander f\u00e5r i b\u00f6rjan av terminen varsin Bibel. Den ska tas med till varje konfa-samling.<\/p>\n<p><strong>Gudstj\u00e4nstbes\u00f6k<\/strong><br \/>\nAtt konfirmera sig inneb\u00e4r ocks\u00e5 att g\u00e5 p\u00e5 gudstj\u00e4nster. I gudstj\u00e4nsterna f\u00e5r det vi l\u00e4ser och g\u00e5r igenom p\u00e5 onsdagarna liv och ger viktig kunskap om hur en f\u00f6rsamling ser ut. Vi ser att konfirmanden g\u00e5r p\u00e5 minst fyra gudstj\u00e4nster p\u00e5 h\u00f6stterminen samt fem p\u00e5 v\u00e5rterminen.<\/p>\n<p><strong>N\u00e4rvaro<\/strong><br \/>\nVi i Equmeniakyrkan Fiskeb\u00e4ck konfirmerar att en kunskap om den kristna tron intagits under \u00e5rets l\u00e4sning. D\u00e4rf\u00f6r har vi en n\u00e4rvaroplikt p\u00e5 75% av alla l\u00e4sningar f\u00f6r att f\u00e5 bli konfirmerad. I runda sl\u00e4ngar kan konfirmanden d\u00e5 missa en onsdag i m\u00e5naden.<br \/>\nH\u00f6stens hajk och v\u00e5rens l\u00e4ger \u00e4r viktigt att man kan \u00e5ka med p\u00e5, d\u00e5 mycket av gruppdynamiken f\u00f6rdjupas, och \u00e4ven relationer.<br \/>\nI slutet av konfirmationsl\u00e4sningen finns det givetvis m\u00f6jlighet f\u00f6r den som inte \u00e4r d\u00f6pt att d\u00f6pa sig, vilket \u00e4r helt frivilligt!<\/p>\n","protected":false},"excerpt":{"rendered":"<p>Vi tr\u00e4ffas onsdagar 18.30-20.30 och kv\u00e4llen \u00e4r oftast indelade i tre delar: Vi tr\u00e4ffas f\u00f6rst i sm\u00e5grupper f\u00f6r att summera veckan som g\u00e5tt. D\u00e4refter startas dagens undervisning som alterneras mellan den lilla gruppen f\u00f6r samtal och kreativa uppgifter samt den st\u00f6rre grupper f\u00f6r fortsatt reflektion och bearbetning. Sedan samlas alla igen f\u00f6r fika och vi [&hellip;]<\/p>\n","protected":false},"author":3,"featured_media":0,"parent":0,"menu_order":0,"comment_status":"closed","ping_status":"closed","template":"","meta":{"footnotes":""},"class_list":["post-13","page","type-page","status-publish","hentry"],"_links":{"self":[{"href":"https:\/\/www4.fiskeback.com\/konfa\/wp-json\/wp\/v2\/pages\/13"}],"collection":[{"href":"https:\/\/www4.fiskeback.com\/konfa\/wp-json\/wp\/v2\/pages"}],"about":[{"href":"https:\/\/www4.fiskeback.com\/konfa\/wp-json\/wp\/v2\/types\/page"}],"author":[{"embeddable":true,"href":"https:\/\/www4.fiskeback.com\/konfa\/wp-json\/wp\/v2\/users\/3"}],"replies":[{"embeddable":true,"href":"https:\/\/www4.fiskeback.com\/konfa\/wp-json\/wp\/v2\/comments?post=13"}],"version-history":[{"count":15,"href":"https:\/\/www4.fiskeback.com\/konfa\/wp-json\/wp\/v2\/pages\/13\/revisions"}],"predecessor-version":[{"id":447,"href":"https:\/\/www4.fiskeback.com\/konfa\/wp-json\/wp\/v2\/pages\/13\/revisions\/447"}],"wp:attachment":[{"href":"https:\/\/www4.fiskeback.com\/konfa\/wp-json\/wp\/v2\/media?parent=13"}],"curies":[{"name":"wp","href":"https:\/\/api.w.org\/{rel}","templated":true}]}}