{"id":15,"date":"2015-10-26T22:52:55","date_gmt":"2015-10-26T21:52:55","guid":{"rendered":"http:\/\/www4.fiskeback.com\/konfa\/?page_id=15"},"modified":"2025-08-22T14:46:29","modified_gmt":"2025-08-22T12:46:29","slug":"anmalan","status":"publish","type":"page","link":"https:\/\/www4.fiskeback.com\/konfa\/anmalan\/","title":{"rendered":"Anm\u00e4lan"},"content":{"rendered":"<p>Varmt v\u00e4lkommen att l\u00e4sa konfirmation hos oss!<br \/>\nH\u00e4r kommer information:<\/p>\n<p>Kostnaden f\u00f6r l\u00e4s\u00e5ret 2025\/26 \u00e4r 3000 kronor och betalas via swish 123 268 41 32 s\u00e5 snart som m\u00f6jligt, men senast 9 september. M\u00e4rk betalningen &#8221;konfirmation&#8221;<strong> samt<\/strong> &#8221;konfirmandens namn&#8221;. Priset inkluderar en Bibel, studiematerial och h\u00f6stens samt v\u00e5rens hajker, l\u00e4ger och heldag. Ett gruppfoto tas i samband med konfirmationsh\u00f6gtiden under maj m\u00e5nad och den bilden ing\u00e5r ocks\u00e5 i denna kostnad.<\/p>\n<p>L\u00c4NK TILL ANM\u00c4LAN:\u00a0<a href=\"https:\/\/formogr.am\/eKpRjoJvWf\">https:\/\/formogr.am\/eKpRjoJvWf<\/a><\/p>\n<p>Avgiften ska inte vara ett hinder f\u00f6r din ungdom att konfirmera sig hos oss. \u00c4r du i behov av reducerad avgift s\u00e5 kontakta pastor <a href=\"https:\/\/fiskeback.com\/?person=daniel-demming\">Daniel Demming<\/a>, eller v\u00e5r kass\u00f6r <a href=\"torbjorn@wisso.se\">Torbj\u00f6rn Wiss\u00f6<\/a><\/p>\n\n\n<p>VIKTIGA DATUM F\u00d6R KONFIRMATION H\u00d6STEN 2025-2026<\/p>\n<ul>\n<li>3 sep Konfirmationsuppstart med f\u00f6r\u00e4ldrar och konfirmander<\/li>\n<li>14 sep (s\u00f6n) Bibelutdelning p\u00e5 gudstj\u00e4nsten kl 11<\/li>\n<li>19-21 sep Konfa-hajk p\u00e5 Bobergsg\u00e5rden<br \/>\n(Bobergs Kustv\u00e4g 10, 311 92 Falkenberg). Avl\u00e4mning kl 19, h\u00e4mtning kl 12.<\/li>\n<li>29 okt H\u00f6stlov<\/li>\n<li>17 dec terminsavslutning<\/li>\n<\/ul>\n<p>VIKTIGA DATUM V\u00c5REN 2026<\/p>\n<ul>\n<li>17 jan (l\u00f6rdag) Uppstartsdag \u00d6nneredsg\u00e5rden kl 11-15<\/li>\n<li>11 feb Sportlov<\/li>\n<li>7-10 april L\u00c4GER Sundsviksg\u00e5rden Uddevalla<\/li>\n<li>13 maj konfa-fest f\u00f6r f\u00f6r\u00e4ldrar och syskon<\/li>\n<li>24 maj (S\u00f6ndag) Konfirmationsh\u00f6gtid<\/li>\n<\/ul>\n<h2>KONTAKT:<\/h2>\n<p><a href=\"https:\/\/www4.fiskeback.com\/kontakt-2\/\">Maria Davidsson<\/a>, Pastor med inriktning barn och unga, 0734-290498<\/p>\n\n","protected":false},"excerpt":{"rendered":"<p>Varmt v\u00e4lkommen att l\u00e4sa konfirmation hos oss! H\u00e4r kommer information: Kostnaden f\u00f6r l\u00e4s\u00e5ret 2025\/26 \u00e4r 3000 kronor och betalas via swish 123 268 41 32 s\u00e5 snart som m\u00f6jligt, men senast 9 september. M\u00e4rk betalningen &#8221;konfirmation&#8221; samt &#8221;konfirmandens namn&#8221;. Priset inkluderar en Bibel, studiematerial och h\u00f6stens samt v\u00e5rens hajker, l\u00e4ger och heldag. Ett gruppfoto tas [&hellip;]<\/p>\n","protected":false},"author":3,"featured_media":0,"parent":0,"menu_order":0,"comment_status":"closed","ping_status":"closed","template":"","meta":{"footnotes":""},"class_list":["post-15","page","type-page","status-publish","hentry"],"_links":{"self":[{"href":"https:\/\/www4.fiskeback.com\/konfa\/wp-json\/wp\/v2\/pages\/15"}],"collection":[{"href":"https:\/\/www4.fiskeback.com\/konfa\/wp-json\/wp\/v2\/pages"}],"about":[{"href":"https:\/\/www4.fiskeback.com\/konfa\/wp-json\/wp\/v2\/types\/page"}],"author":[{"embeddable":true,"href":"https:\/\/www4.fiskeback.com\/konfa\/wp-json\/wp\/v2\/users\/3"}],"replies":[{"embeddable":true,"href":"https:\/\/www4.fiskeback.com\/konfa\/wp-json\/wp\/v2\/comments?post=15"}],"version-history":[{"count":60,"href":"https:\/\/www4.fiskeback.com\/konfa\/wp-json\/wp\/v2\/pages\/15\/revisions"}],"predecessor-version":[{"id":520,"href":"https:\/\/www4.fiskeback.com\/konfa\/wp-json\/wp\/v2\/pages\/15\/revisions\/520"}],"wp:attachment":[{"href":"https:\/\/www4.fiskeback.com\/konfa\/wp-json\/wp\/v2\/media?parent=15"}],"curies":[{"name":"wp","href":"https:\/\/api.w.org\/{rel}","templated":true}]}}