{"id":2,"date":"2015-10-26T20:05:09","date_gmt":"2015-10-26T19:05:09","guid":{"rendered":"http:\/\/www4.fiskeback.com\/konfa\/?page_id=2"},"modified":"2025-12-02T14:18:45","modified_gmt":"2025-12-02T13:18:45","slug":"exempelsida","status":"publish","type":"page","link":"https:\/\/www4.fiskeback.com\/konfa\/","title":{"rendered":"Konfa i Equmeniakyrkan Fiskeb\u00e4ck"},"content":{"rendered":"<h2>V\u00e4lkommen till Equmeniakyrkan Fiskeb\u00e4ck\u00b4s Konfa!<\/h2>\r\n<p>P\u00e5 den h\u00e4r hemsidan finner du som konfirmand, f\u00f6r\u00e4lder eller annan nyfiken information om vad som h\u00e4nder fram\u00f6ver under konfa\u00e5ret. Hoppas du hittar vad du s\u00f6ker, annars \u00e4r du varmt v\u00e4lkommen att h\u00f6ra av dig till oss!<\/p>\r\n<p>VIKTIGA DATUM F\u00d6R KONFIRMATION H\u00d6STEN 2025-2026<\/p>\r\n<ul>\r\n<li>3 sep kl 18,30 Konfirmationsuppstart med f\u00f6r\u00e4ldrar och konfirmander<\/li>\r\n<li>14 sep (s\u00f6n) Bibelutdelning p\u00e5 gudstj\u00e4nsten kl 11<\/li>\r\n<li>19-21 sep Konfa-hajk p\u00e5 Bobergsg\u00e5rden<br \/>(Bobergs Kustv\u00e4g 10, 311 92 Falkenberg). Avl\u00e4mning kl 19, h\u00e4mtning kl 12.00<\/li>\r\n<li>29 okt H\u00f6stlov<\/li>\r\n<li>8 nov Kv\u00e4ll om psykisk h\u00e4lsa i Saronkyrkan (l\u00f6rdag) kl 18,30- 21.00.<\/li>\r\n<li>17 dec terminsavslutning<\/li>\r\n<\/ul>\r\n<p>VIKTIGA DATUM V\u00c5REN 2026<\/p>\r\n<ul>\r\n<li>17 jan (l\u00f6rdag) Uppstartsdag \u00d6nneredsg\u00e5rden kl 11-15<\/li>\r\n<li>11 feb Sportlov<\/li>\r\n<li>6-10 april L\u00c4GER Sundsviksg\u00e5rden Uddevalla<\/li>\r\n<li>13 maj konfa-fest f\u00f6r f\u00f6r\u00e4ldrar och syskon<\/li>\r\n<li>24 maj (S\u00f6ndag) Konfirmationsh\u00f6gtid i Fiskeb\u00e4ckskyrkan (pga platsbrist i v\u00e5ra egna lokaler)<\/li>\r\n<\/ul>\r\n<h2>KONTAKT:<\/h2>\r\n<p><a href=\"https:\/\/www4.fiskeback.com\/kontakt-2\/\">Maria Davidsson<\/a>, Pastor med inriktning barn och unga, 0734-290498<\/p>\r\n\r\n\r\n","protected":false},"excerpt":{"rendered":"<p>V\u00e4lkommen till Equmeniakyrkan Fiskeb\u00e4ck\u00b4s Konfa! P\u00e5 den h\u00e4r hemsidan finner du som konfirmand, f\u00f6r\u00e4lder eller annan nyfiken information om vad som h\u00e4nder fram\u00f6ver under konfa\u00e5ret. Hoppas du hittar vad du s\u00f6ker, annars \u00e4r du varmt v\u00e4lkommen att h\u00f6ra av dig till oss! VIKTIGA DATUM F\u00d6R KONFIRMATION H\u00d6STEN 2025-2026 3 sep kl 18,30 Konfirmationsuppstart med f\u00f6r\u00e4ldrar [&hellip;]<\/p>\n","protected":false},"author":30,"featured_media":298,"parent":0,"menu_order":0,"comment_status":"closed","ping_status":"open","template":"","meta":{"footnotes":""},"class_list":["post-2","page","type-page","status-publish","has-post-thumbnail","hentry"],"_links":{"self":[{"href":"https:\/\/www4.fiskeback.com\/konfa\/wp-json\/wp\/v2\/pages\/2"}],"collection":[{"href":"https:\/\/www4.fiskeback.com\/konfa\/wp-json\/wp\/v2\/pages"}],"about":[{"href":"https:\/\/www4.fiskeback.com\/konfa\/wp-json\/wp\/v2\/types\/page"}],"author":[{"embeddable":true,"href":"https:\/\/www4.fiskeback.com\/konfa\/wp-json\/wp\/v2\/users\/30"}],"replies":[{"embeddable":true,"href":"https:\/\/www4.fiskeback.com\/konfa\/wp-json\/wp\/v2\/comments?post=2"}],"version-history":[{"count":106,"href":"https:\/\/www4.fiskeback.com\/konfa\/wp-json\/wp\/v2\/pages\/2\/revisions"}],"predecessor-version":[{"id":546,"href":"https:\/\/www4.fiskeback.com\/konfa\/wp-json\/wp\/v2\/pages\/2\/revisions\/546"}],"wp:featuredmedia":[{"embeddable":true,"href":"https:\/\/www4.fiskeback.com\/konfa\/wp-json\/wp\/v2\/media\/298"}],"wp:attachment":[{"href":"https:\/\/www4.fiskeback.com\/konfa\/wp-json\/wp\/v2\/media?parent=2"}],"curies":[{"name":"wp","href":"https:\/\/api.w.org\/{rel}","templated":true}]}}