{"id":347,"date":"2023-03-15T16:59:58","date_gmt":"2023-03-15T15:59:58","guid":{"rendered":"https:\/\/www4.fiskeback.com\/konfa\/?page_id=347"},"modified":"2026-01-29T12:52:10","modified_gmt":"2026-01-29T11:52:10","slug":"forebedjar-lista","status":"publish","type":"page","link":"https:\/\/www4.fiskeback.com\/konfa\/forebedjar-lista\/","title":{"rendered":"F\u00f6rebedjar-lista"},"content":{"rendered":"<p style=\"text-align: left\">Under konfal\u00e4sningen hos oss f\u00e5r varje konfirmand en personlig f\u00f6rebedjare. Det inneb\u00e4r att frivilliga fr\u00e5n v\u00e5r f\u00f6rsamling f\u00e5r en konfirmands namn tilldelat sig, och ber f\u00f6r denne under hela konfa-\u00e5ret. Under tv\u00e5 tillf\u00e4llen, 22\/10 p\u00e5 h\u00f6sten och 18\/3 p\u00e5 v\u00e5ren, f\u00e5r konfirmanden tr\u00e4ffa sin f\u00f6rebedjare och l\u00e4ra k\u00e4nna varandra lite.<\/p>\n<h2 style=\"text-align: left\"><strong>F\u00d6REBEDJAR-LISTA 2025\/2026<\/strong><\/h2>\n<p>Simon &#8211; Daniel Demming<\/p>\n<p>Nelson &#8211; Sofi Kristensson<\/p>\n<p>Oscar &#8211; Lennart Bergius<\/p>\n<p>Hugo &#8211; Samuel Fhager<\/p>\n<p>Olle &#8211; Ingemar Wernersson<\/p>\n<p>William &#8211; Johan Banck<\/p>\n<p>Nils-Gustav &#8211; Tomas Ekstr\u00f6m<\/p>\n<p>Adrian &#8211; David Kristensson<\/p>\n<p>Daniella &#8211; Agneta Rubensson<\/p>\n<p>Elsa &#8211; \u00c5sa Jonsson<\/p>\n<p>Linnea &#8211; Maria Fhager<\/p>\n<p>Vivianne &#8211; Inger Hjert\u00e9n<\/p>\n<p>Bruno &#8211; Thomas Natanaelsson<\/p>\n<p>Liv &#8211; Birgitta Natanaelsson<\/p>\n<p>Kajsa &#8211; Ann-Charlotte Bjurb\u00e4ck<\/p>\n<p>Lisen &#8211; Eleonor Lundberg<\/p>\n<p>Sojo &#8211; Nancy Wahl<\/p>\n<p>Klara &amp; Alice F &#8211; Ragnhild Jennerhav<\/p>\n<p>Abbe &#8211; Fredric Zeiner<\/p>\n<p>Bella &#8211; Gerd Lindblad<\/p>\n<p>Ivar &#8211; Samuel Haugstvedt<\/p>\n<p>Algot &#8211; Per Palmqvist<\/p>\n<p>Noel &#8211; Mathias Natanaelsson<\/p>\n<p>Sally &#8211; Kristina Kolterud<\/p>\n<p>Ture &#8211; Mats Heinevik<\/p>\n<p>Jonah &#8211; Erik Rodenteg<\/p>\n<p>Samuel &#8211; Bengt Gustavsson<\/p>\n<p>Julia &#8211; Emelie Haugstvedt<\/p>\n<p>Ingrid &amp; Viola &#8211; Ingbritt Palmqvist<\/p>\n<p>Alice H &#8211; Annika Ahlmark<\/p>\n","protected":false},"excerpt":{"rendered":"<p>Under konfal\u00e4sningen hos oss f\u00e5r varje konfirmand en personlig f\u00f6rebedjare. Det inneb\u00e4r att frivilliga fr\u00e5n v\u00e5r f\u00f6rsamling f\u00e5r en konfirmands namn tilldelat sig, och ber f\u00f6r denne under hela konfa-\u00e5ret. Under tv\u00e5 tillf\u00e4llen, 22\/10 p\u00e5 h\u00f6sten och 18\/3 p\u00e5 v\u00e5ren, f\u00e5r konfirmanden tr\u00e4ffa sin f\u00f6rebedjare och l\u00e4ra k\u00e4nna varandra lite. F\u00d6REBEDJAR-LISTA 2025\/2026 Simon &#8211; Daniel [&hellip;]<\/p>\n","protected":false},"author":32,"featured_media":0,"parent":0,"menu_order":0,"comment_status":"closed","ping_status":"closed","template":"","meta":{"footnotes":""},"class_list":["post-347","page","type-page","status-publish","hentry"],"_links":{"self":[{"href":"https:\/\/www4.fiskeback.com\/konfa\/wp-json\/wp\/v2\/pages\/347"}],"collection":[{"href":"https:\/\/www4.fiskeback.com\/konfa\/wp-json\/wp\/v2\/pages"}],"about":[{"href":"https:\/\/www4.fiskeback.com\/konfa\/wp-json\/wp\/v2\/types\/page"}],"author":[{"embeddable":true,"href":"https:\/\/www4.fiskeback.com\/konfa\/wp-json\/wp\/v2\/users\/32"}],"replies":[{"embeddable":true,"href":"https:\/\/www4.fiskeback.com\/konfa\/wp-json\/wp\/v2\/comments?post=347"}],"version-history":[{"count":17,"href":"https:\/\/www4.fiskeback.com\/konfa\/wp-json\/wp\/v2\/pages\/347\/revisions"}],"predecessor-version":[{"id":551,"href":"https:\/\/www4.fiskeback.com\/konfa\/wp-json\/wp\/v2\/pages\/347\/revisions\/551"}],"wp:attachment":[{"href":"https:\/\/www4.fiskeback.com\/konfa\/wp-json\/wp\/v2\/media?parent=347"}],"curies":[{"name":"wp","href":"https:\/\/api.w.org\/{rel}","templated":true}]}}